{"id":1306,"date":"2021-01-27T03:17:32","date_gmt":"2021-01-27T02:17:32","guid":{"rendered":"https:\/\/ecole-simandres.blog.ac-lyon.fr\/wordpress\/?page_id=1306"},"modified":"2021-01-27T03:17:34","modified_gmt":"2021-01-27T02:17:34","slug":"un-jour-un-lieu","status":"publish","type":"page","link":"https:\/\/ecole-simandres.blog.ac-lyon.fr\/wordpress\/un-jour-un-lieu\/","title":{"rendered":"UN JOUR, un lieu"},"content":{"rendered":"\n<p>Bonjour les \u00e9l\u00e8ves ! J&rsquo;esp\u00e8re que vous allez tous bien; nous sommes en retard pour le rituel&#8230; Alors vite, voici la devinette:<\/p>\n\n\n\n<p>Pendant nos promenades dans les nombreux parcs am\u00e9ricains, nous voyons souvent des trous dans les arbres. Sauriez-vous deviner qui les fait et pourquoi ?<\/p>\n\n\n\n<figure class=\"wp-block-image size-large\"><img decoding=\"async\" width=\"768\" height=\"1024\" src=\"https:\/\/ecole-simandres.blog.ac-lyon.fr\/wordpress\/wp-content\/uploads\/2021\/01\/unnamed-768x1024.jpg\" alt=\"\" class=\"wp-image-1307\" srcset=\"https:\/\/ecole-simandres.blog.ac-lyon.fr\/wordpress\/wp-content\/uploads\/2021\/01\/unnamed-768x1024.jpg 768w, https:\/\/ecole-simandres.blog.ac-lyon.fr\/wordpress\/wp-content\/uploads\/2021\/01\/unnamed-225x300.jpg 225w, https:\/\/ecole-simandres.blog.ac-lyon.fr\/wordpress\/wp-content\/uploads\/2021\/01\/unnamed-508x677.jpg 508w, https:\/\/ecole-simandres.blog.ac-lyon.fr\/wordpress\/wp-content\/uploads\/2021\/01\/unnamed.jpg 900w\" sizes=\"(max-width: 768px) 100vw, 768px\" \/><\/figure>\n\n\n\n<p>Bonne r\u00e9flexion et \u00e0 la semaine prochaine !<\/p>\n","protected":false},"excerpt":{"rendered":"<p>Bonjour les \u00e9l\u00e8ves ! J&rsquo;esp\u00e8re que vous allez tous bien; nous sommes en retard pour le rituel&#8230; Alors vite, voici la devinette: Pendant nos promenades dans les nombreux parcs am\u00e9ricains, [&hellip;]<\/p>\n","protected":false},"author":9,"featured_media":1307,"parent":0,"menu_order":0,"comment_status":"closed","ping_status":"closed","template":"","meta":{"xn-wppe-expiration":[],"xn-wppe-expiration-action":[],"xn-wppe-expiration-prefix":[],"ngg_post_thumbnail":0,"_EventAllDay":false,"_EventTimezone":"","_EventStartDate":"","_EventEndDate":"","_EventStartDateUTC":"","_EventEndDateUTC":"","_EventShowMap":false,"_EventShowMapLink":false,"_EventURL":"","_EventCost":"","_EventCostDescription":"","_EventCurrencySymbol":"","_EventCurrencyCode":"","_EventCurrencyPosition":"","_EventDateTimeSeparator":"","_EventTimeRangeSeparator":"","_EventOrganizerID":[],"_EventVenueID":0,"_OrganizerEmail":"","_OrganizerPhone":"","_OrganizerWebsite":"","_VenueAddress":"","_VenueCity":"","_VenueCountry":"","_VenueProvince":"","_VenueZip":"","_VenuePhone":"","_VenueURL":"","_VenueStateProvince":"","_VenueLat":"","_VenueLng":"","footnotes":""},"class_list":["post-1306","page","type-page","status-publish","has-post-thumbnail","hentry"],"_links":{"self":[{"href":"https:\/\/ecole-simandres.blog.ac-lyon.fr\/wordpress\/wp-json\/wp\/v2\/pages\/1306","targetHints":{"allow":["GET"]}}],"collection":[{"href":"https:\/\/ecole-simandres.blog.ac-lyon.fr\/wordpress\/wp-json\/wp\/v2\/pages"}],"about":[{"href":"https:\/\/ecole-simandres.blog.ac-lyon.fr\/wordpress\/wp-json\/wp\/v2\/types\/page"}],"author":[{"embeddable":true,"href":"https:\/\/ecole-simandres.blog.ac-lyon.fr\/wordpress\/wp-json\/wp\/v2\/users\/9"}],"replies":[{"embeddable":true,"href":"https:\/\/ecole-simandres.blog.ac-lyon.fr\/wordpress\/wp-json\/wp\/v2\/comments?post=1306"}],"version-history":[{"count":1,"href":"https:\/\/ecole-simandres.blog.ac-lyon.fr\/wordpress\/wp-json\/wp\/v2\/pages\/1306\/revisions"}],"predecessor-version":[{"id":1309,"href":"https:\/\/ecole-simandres.blog.ac-lyon.fr\/wordpress\/wp-json\/wp\/v2\/pages\/1306\/revisions\/1309"}],"wp:featuredmedia":[{"embeddable":true,"href":"https:\/\/ecole-simandres.blog.ac-lyon.fr\/wordpress\/wp-json\/wp\/v2\/media\/1307"}],"wp:attachment":[{"href":"https:\/\/ecole-simandres.blog.ac-lyon.fr\/wordpress\/wp-json\/wp\/v2\/media?parent=1306"}],"curies":[{"name":"wp","href":"https:\/\/api.w.org\/{rel}","templated":true}]}}